{"id":160,"date":"2016-11-08T12:30:40","date_gmt":"2016-11-08T14:30:40","guid":{"rendered":"http:\/\/localhost\/backfrost\/?page_id=160&#038;lang=de"},"modified":"2016-11-08T12:30:40","modified_gmt":"2016-11-08T14:30:40","slug":"qualitaet","status":"publish","type":"page","link":"http:\/\/backfrost.com\/de\/qualitaet\/","title":{"rendered":"QUALIT\u00c4T"},"content":{"rendered":"<p>Das Know-how in der Verarbeitung von gesunden Lebensmitteln sowie der Qualit\u00e4t die sich in den BackShop Produkten wiederspiegeln, stammen von der Muttergesellschaft. Harry-Brot, ein Traditionsunternehmen in der Backwarenindustrie, das seit 1688 einen traditionellen deutschen Verarbeitungsprozess beibeh\u00e4lt.<br \/>\nDar\u00fcber hinaus hat es die besten Lieferanten von nat\u00fcrlichen Rohstoffen, die die Qualit\u00e4t ihrer Produkte gew\u00e4hrleisten. Alle BackShop Lieferanten sind nach dem International Food Standard (IFS) zertifiziert. Diese ist eine internationale Organisation, die den Lebensmittelsicherheitsstandards und Vorschriften entspricht, die durch die HDE, dem deutschen Fachverband der Lebensmittelh\u00e4ndler zertifiziert. Dies gibt dem Produkt eine Garantie f\u00fcr Qualit\u00e4t, die den Einsatz von Rohstoffen mit gentechnisch ver\u00e4nderten Inhaltsstoffen verhindert und informiert den Verbraucher \u00fcber die einzelnen Inhaltsstoffe sowie Nahrungsallergene. Diese Transparenz ist der Schwerpunkt der Arbeit von Harry-Brot, Back Shop und somit auch von Back-Frost.<\/p>\n","protected":false},"excerpt":{"rendered":"<p>Das Know-how in der Verarbeitung von gesunden Lebensmitteln sowie der Qualit\u00e4t die sich in den BackShop Produkten wiederspiegeln, stammen von der Muttergesellschaft. Harry-Brot, ein Traditionsunternehmen in der Backwarenindustrie, das seit 1688 einen traditionellen deutschen Verarbeitungsprozess beibeh\u00e4lt. Dar\u00fcber hinaus hat es die besten Lieferanten von nat\u00fcrlichen Rohstoffen, die die Qualit\u00e4t ihrer Produkte gew\u00e4hrleisten. Alle BackShop Lieferanten [&hellip;]<\/p>\n","protected":false},"author":2,"featured_media":0,"parent":0,"menu_order":0,"comment_status":"closed","ping_status":"closed","template":"modelo-qualidade-german.php","meta":{"_acf_changed":false,"footnotes":""},"class_list":["post-160","page","type-page","status-publish","hentry"],"acf":[],"_links":{"self":[{"href":"http:\/\/backfrost.com\/de\/wp-json\/wp\/v2\/pages\/160","targetHints":{"allow":["GET"]}}],"collection":[{"href":"http:\/\/backfrost.com\/de\/wp-json\/wp\/v2\/pages"}],"about":[{"href":"http:\/\/backfrost.com\/de\/wp-json\/wp\/v2\/types\/page"}],"author":[{"embeddable":true,"href":"http:\/\/backfrost.com\/de\/wp-json\/wp\/v2\/users\/2"}],"replies":[{"embeddable":true,"href":"http:\/\/backfrost.com\/de\/wp-json\/wp\/v2\/comments?post=160"}],"version-history":[{"count":2,"href":"http:\/\/backfrost.com\/de\/wp-json\/wp\/v2\/pages\/160\/revisions"}],"predecessor-version":[{"id":478,"href":"http:\/\/backfrost.com\/de\/wp-json\/wp\/v2\/pages\/160\/revisions\/478"}],"wp:attachment":[{"href":"http:\/\/backfrost.com\/de\/wp-json\/wp\/v2\/media?parent=160"}],"curies":[{"name":"wp","href":"https:\/\/api.w.org\/{rel}","templated":true}]}}