{"id":158,"date":"2016-11-08T12:28:10","date_gmt":"2016-11-08T14:28:10","guid":{"rendered":"http:\/\/localhost\/backfrost\/?page_id=158&#038;lang=es"},"modified":"2016-11-08T12:28:10","modified_gmt":"2016-11-08T14:28:10","slug":"calidad","status":"publish","type":"page","link":"http:\/\/backfrost.com\/es\/calidad\/","title":{"rendered":"CALIDAD"},"content":{"rendered":"<p>El know-how de procesamiento de alimentos sanos, as\u00ed como la calidad que se encuentra en los productos Backshop provienen de su matriz. Empresa tradicional en la industria de la panader\u00eda, el Harry &#8211; Brot opera, desde 1688, dentro de un estricto proceso tradicional de procesamiento alem\u00e1n.<br \/>\nAdem\u00e1s, cuenta con los mejores proveedores de materias primas naturales que garantizan la calidad de sus productos. Todos los proveedores BackShop est\u00e1n certificados por el International Food Standard (IFS ), una organizaci\u00f3n internacional que establece las normas y reglamentos de seguridad de alimentos creados por la HDE, la asociaci\u00f3n comercial alemana de distribuidores de alimentos. Esto le da al producto un compromiso garantizado de calidad, lo que impide la entrada de materias primas con ingredientes modificados gen\u00e9ticamente e informa al consumidor sobre cada ingrediente, desde los al\u00e9rgenos alimenticios. Esta transparencia es el foco de la obra de Harry &#8211; Brot, y la BackShop y por lo tanto el Back Frost.<\/p>\n","protected":false},"excerpt":{"rendered":"<p>El know-how de procesamiento de alimentos sanos, as\u00ed como la calidad que se encuentra en los productos Backshop provienen de su matriz. Empresa tradicional en la industria de la panader\u00eda, el Harry &#8211; Brot opera, desde 1688, dentro de un estricto proceso tradicional de procesamiento alem\u00e1n. Adem\u00e1s, cuenta con los mejores proveedores de materias primas [&hellip;]<\/p>\n","protected":false},"author":2,"featured_media":0,"parent":0,"menu_order":0,"comment_status":"closed","ping_status":"closed","template":"modelo-qualidade-spanish.php","meta":{"_acf_changed":false,"footnotes":""},"class_list":["post-158","page","type-page","status-publish","hentry"],"acf":[],"_links":{"self":[{"href":"http:\/\/backfrost.com\/es\/wp-json\/wp\/v2\/pages\/158","targetHints":{"allow":["GET"]}}],"collection":[{"href":"http:\/\/backfrost.com\/es\/wp-json\/wp\/v2\/pages"}],"about":[{"href":"http:\/\/backfrost.com\/es\/wp-json\/wp\/v2\/types\/page"}],"author":[{"embeddable":true,"href":"http:\/\/backfrost.com\/es\/wp-json\/wp\/v2\/users\/2"}],"replies":[{"embeddable":true,"href":"http:\/\/backfrost.com\/es\/wp-json\/wp\/v2\/comments?post=158"}],"version-history":[{"count":1,"href":"http:\/\/backfrost.com\/es\/wp-json\/wp\/v2\/pages\/158\/revisions"}],"predecessor-version":[{"id":159,"href":"http:\/\/backfrost.com\/es\/wp-json\/wp\/v2\/pages\/158\/revisions\/159"}],"wp:attachment":[{"href":"http:\/\/backfrost.com\/es\/wp-json\/wp\/v2\/media?parent=158"}],"curies":[{"name":"wp","href":"https:\/\/api.w.org\/{rel}","templated":true}]}}